{"id":289,"date":"2022-10-07T16:25:08","date_gmt":"2022-10-07T14:25:08","guid":{"rendered":"http:\/\/epsdelg.cluster030.hosting.ovh.net\/index.php\/tableau-de-bord-des-offres-demploi\/"},"modified":"2022-10-07T16:25:08","modified_gmt":"2022-10-07T14:25:08","slug":"tableau-de-bord-des-offres-demploi","status":"publish","type":"page","link":"https:\/\/www.epsdelomagne.fr\/index.php\/tableau-de-bord-des-offres-demploi\/","title":{"rendered":"Tableau de bord des offres d\u2019emploi"},"content":{"rendered":"<div id=\"job-manager-job-dashboard\">\n\n\t<p class=\"account-sign-in\">Vous devez \u00eatre connect\u00e9 pour g\u00e9rer vos offres. <a class=\"button\" href=\"https:\/\/www.epsdelomagne.fr\/pasici?redirect_to=https%3A%2F%2Fwww.epsdelomagne.fr%2Findex.php%2Ftableau-de-bord-des-offres-demploi%2F\">Se connecter<\/a><\/p>\n\n<\/div>\n\n","protected":false},"excerpt":{"rendered":"","protected":false},"author":1,"featured_media":0,"parent":0,"menu_order":0,"comment_status":"closed","ping_status":"closed","template":"","meta":{"content-type":"","om_disable_all_campaigns":false,"_monsterinsights_skip_tracking":false,"_monsterinsights_sitenote_active":false,"_monsterinsights_sitenote_note":"","_monsterinsights_sitenote_category":0,"ngg_post_thumbnail":0,"footnotes":""},"class_list":["post-289","page","type-page","status-publish","hentry"],"jetpack_sharing_enabled":true,"_links":{"self":[{"href":"https:\/\/www.epsdelomagne.fr\/index.php\/wp-json\/wp\/v2\/pages\/289","targetHints":{"allow":["GET"]}}],"collection":[{"href":"https:\/\/www.epsdelomagne.fr\/index.php\/wp-json\/wp\/v2\/pages"}],"about":[{"href":"https:\/\/www.epsdelomagne.fr\/index.php\/wp-json\/wp\/v2\/types\/page"}],"author":[{"embeddable":true,"href":"https:\/\/www.epsdelomagne.fr\/index.php\/wp-json\/wp\/v2\/users\/1"}],"replies":[{"embeddable":true,"href":"https:\/\/www.epsdelomagne.fr\/index.php\/wp-json\/wp\/v2\/comments?post=289"}],"version-history":[{"count":0,"href":"https:\/\/www.epsdelomagne.fr\/index.php\/wp-json\/wp\/v2\/pages\/289\/revisions"}],"wp:attachment":[{"href":"https:\/\/www.epsdelomagne.fr\/index.php\/wp-json\/wp\/v2\/media?parent=289"}],"curies":[{"name":"wp","href":"https:\/\/api.w.org\/{rel}","templated":true}]}}