{"id":300,"date":"2022-10-08T15:43:23","date_gmt":"2022-10-08T13:43:23","guid":{"rendered":"http:\/\/epsdelg.cluster030.hosting.ovh.net\/?page_id=300"},"modified":"2025-12-19T14:04:37","modified_gmt":"2025-12-19T13:04:37","slug":"medecine-polyvalente","status":"publish","type":"page","link":"https:\/\/www.epsdelomagne.fr\/index.php\/medecine-polyvalente\/","title":{"rendered":"M\u00e9decine Polyvalente"},"content":{"rendered":"<h2><strong>M\u00e9decine polyvalente<\/strong> :<\/h2>\n<p><strong>Rue Saint Laurent \u00e0 Fleurance<\/strong><\/p>\n<p><strong>M\u00e9decin coordonnateur: Docteur Sondess HADJ-KHELIFA<\/strong><br \/>\n<strong>Cadre de sant\u00e9: Cathy GERMAIN<\/strong><br \/>\n<strong>Secr\u00e9tariat :&nbsp; 05.62.64.20.04 <\/strong><strong>du lundi au vendredi de 9h &#8211; 12h30 et de 13h00 &#8211; 17h00<\/strong><\/p>\n<p>28 lits dont 3 lits identifi\u00e9s soins palliatifs<\/p>\n<p>20 chambres seules et 4 chambres doubles<\/p>\n<p>Les missions prioritaires sont :<\/p>\n<ul>\n<li>la prise en charge des malades chroniques<\/li>\n<li>l&rsquo;accompagnement des patients en fin de vie<\/li>\n<li>la prise en charge m\u00e9dico-psycho-sociale globale (avec l&rsquo;aide notamment de psychologue, assistante sociale,&#8230;),<\/li>\n<li>la pr\u00e9paration du retour \u00e0 domicile et la participation au maintien \u00e0 domicile<\/li>\n<\/ul>\n","protected":false},"excerpt":{"rendered":"<p>M\u00e9decine polyvalente : Rue Saint Laurent \u00e0 Fleurance M\u00e9decin coordonnateur: Docteur Sondess HADJ-KHELIFA Cadre de sant\u00e9: Cathy GERMAIN Secr\u00e9tariat :&nbsp;<\/p>\n<p><a href=\"https:\/\/www.epsdelomagne.fr\/index.php\/medecine-polyvalente\/\" class=\"more-link\">Test<span class=\"screen-reader-text\">M\u00e9decine Polyvalente<\/span><\/a><\/p>\n","protected":false},"author":1,"featured_media":0,"parent":0,"menu_order":0,"comment_status":"closed","ping_status":"closed","template":"","meta":{"content-type":"","om_disable_all_campaigns":false,"_monsterinsights_skip_tracking":false,"_monsterinsights_sitenote_active":false,"_monsterinsights_sitenote_note":"","_monsterinsights_sitenote_category":0,"ngg_post_thumbnail":0,"footnotes":""},"class_list":["post-300","page","type-page","status-publish","hentry"],"jetpack_sharing_enabled":true,"_links":{"self":[{"href":"https:\/\/www.epsdelomagne.fr\/index.php\/wp-json\/wp\/v2\/pages\/300","targetHints":{"allow":["GET"]}}],"collection":[{"href":"https:\/\/www.epsdelomagne.fr\/index.php\/wp-json\/wp\/v2\/pages"}],"about":[{"href":"https:\/\/www.epsdelomagne.fr\/index.php\/wp-json\/wp\/v2\/types\/page"}],"author":[{"embeddable":true,"href":"https:\/\/www.epsdelomagne.fr\/index.php\/wp-json\/wp\/v2\/users\/1"}],"replies":[{"embeddable":true,"href":"https:\/\/www.epsdelomagne.fr\/index.php\/wp-json\/wp\/v2\/comments?post=300"}],"version-history":[{"count":5,"href":"https:\/\/www.epsdelomagne.fr\/index.php\/wp-json\/wp\/v2\/pages\/300\/revisions"}],"predecessor-version":[{"id":2409976,"href":"https:\/\/www.epsdelomagne.fr\/index.php\/wp-json\/wp\/v2\/pages\/300\/revisions\/2409976"}],"wp:attachment":[{"href":"https:\/\/www.epsdelomagne.fr\/index.php\/wp-json\/wp\/v2\/media?parent=300"}],"curies":[{"name":"wp","href":"https:\/\/api.w.org\/{rel}","templated":true}]}}