{"id":312,"date":"2022-10-08T16:24:58","date_gmt":"2022-10-08T14:24:58","guid":{"rendered":"http:\/\/epsdelg.cluster030.hosting.ovh.net\/?page_id=312"},"modified":"2022-10-08T20:52:15","modified_gmt":"2022-10-08T18:52:15","slug":"ehpad","status":"publish","type":"page","link":"https:\/\/www.epsdelomagne.fr\/index.php\/ehpad\/","title":{"rendered":"EHPAD"},"content":{"rendered":"<div id=\"pl-312\"  class=\"panel-layout\" ><div id=\"pg-312-0\"  class=\"panel-grid panel-no-style\" ><div id=\"pgc-312-0-0\"  class=\"panel-grid-cell\" ><div id=\"panel-312-0-0-0\" class=\"so-panel widget widget_text panel-first-child panel-last-child\" data-index=\"0\" ><h3 class=\"widget-title\">EHPAD CADEOT FLEURANCE<\/h3>\t\t\t<div class=\"textwidget\"><p><a href=\"http:\/\/epsdelg.cluster030.hosting.ovh.net\/index.php\/ehpad-cadeot\/\">105 places d&rsquo;h\u00e9bergement permanent<\/a><br \/>\n<a href=\"http:\/\/epsdelg.cluster030.hosting.ovh.net\/index.php\/ehpad-cadeot\/\">5 places d&rsquo;h\u00e9bergement temporaire<\/a><\/p>\n<\/div>\n\t\t<\/div><\/div><div id=\"pgc-312-0-1\"  class=\"panel-grid-cell\" ><div id=\"panel-312-0-1-0\" class=\"so-panel widget widget_text panel-first-child panel-last-child\" data-index=\"1\" ><h3 class=\"widget-title\">EHPAD LA PEPINIERE FLEURANCE<\/h3>\t\t\t<div class=\"textwidget\"><p><a href=\"http:\/\/epsdelg.cluster030.hosting.ovh.net\/index.php\/ehpad-pepiniere\/\">60 places d&rsquo;h\u00e9bergement permanent<\/a><br \/>\n<a href=\"http:\/\/epsdelg.cluster030.hosting.ovh.net\/index.php\/ehpad-pepiniere\/\">(unit\u00e9 s\u00e9curis\u00e9e de 13 places)<\/a><\/p>\n<\/div>\n\t\t<\/div><\/div><div id=\"pgc-312-0-2\"  class=\"panel-grid-cell\" ><div id=\"panel-312-0-2-0\" class=\"so-panel widget widget_text panel-first-child panel-last-child\" data-index=\"2\" ><h3 class=\"widget-title\">EHPAD LE TANE LECTOURE<\/h3>\t\t\t<div class=\"textwidget\"><p><a href=\"http:\/\/epsdelg.cluster030.hosting.ovh.net\/index.php\/ehpad-le-tane\/\">159 places h\u00e9bergement permanent<\/a><br \/>\n<a href=\"http:\/\/epsdelg.cluster030.hosting.ovh.net\/index.php\/ehpad-le-tane\/\">9 places d&rsquo;h\u00e9bergement temporaire<\/a><\/p>\n<\/div>\n\t\t<\/div><\/div><\/div><\/div>","protected":false},"excerpt":{"rendered":"<p>105 places d&rsquo;h\u00e9bergement permanent 5 places d&rsquo;h\u00e9bergement temporaire 60 places d&rsquo;h\u00e9bergement permanent (unit\u00e9 s\u00e9curis\u00e9e de 13 places) 159 places h\u00e9bergement<\/p>\n<p><a href=\"https:\/\/www.epsdelomagne.fr\/index.php\/ehpad\/\" class=\"more-link\">Test<span class=\"screen-reader-text\">EHPAD<\/span><\/a><\/p>\n","protected":false},"author":1,"featured_media":0,"parent":0,"menu_order":0,"comment_status":"closed","ping_status":"closed","template":"","meta":{"content-type":"","om_disable_all_campaigns":false,"_monsterinsights_skip_tracking":false,"_monsterinsights_sitenote_active":false,"_monsterinsights_sitenote_note":"","_monsterinsights_sitenote_category":0,"ngg_post_thumbnail":0,"footnotes":""},"class_list":["post-312","page","type-page","status-publish","hentry"],"jetpack_sharing_enabled":true,"_links":{"self":[{"href":"https:\/\/www.epsdelomagne.fr\/index.php\/wp-json\/wp\/v2\/pages\/312","targetHints":{"allow":["GET"]}}],"collection":[{"href":"https:\/\/www.epsdelomagne.fr\/index.php\/wp-json\/wp\/v2\/pages"}],"about":[{"href":"https:\/\/www.epsdelomagne.fr\/index.php\/wp-json\/wp\/v2\/types\/page"}],"author":[{"embeddable":true,"href":"https:\/\/www.epsdelomagne.fr\/index.php\/wp-json\/wp\/v2\/users\/1"}],"replies":[{"embeddable":true,"href":"https:\/\/www.epsdelomagne.fr\/index.php\/wp-json\/wp\/v2\/comments?post=312"}],"version-history":[{"count":47,"href":"https:\/\/www.epsdelomagne.fr\/index.php\/wp-json\/wp\/v2\/pages\/312\/revisions"}],"predecessor-version":[{"id":335053,"href":"https:\/\/www.epsdelomagne.fr\/index.php\/wp-json\/wp\/v2\/pages\/312\/revisions\/335053"}],"wp:attachment":[{"href":"https:\/\/www.epsdelomagne.fr\/index.php\/wp-json\/wp\/v2\/media?parent=312"}],"curies":[{"name":"wp","href":"https:\/\/api.w.org\/{rel}","templated":true}]}}