{"id":327931,"date":"2023-04-17T13:58:34","date_gmt":"2023-04-17T11:58:34","guid":{"rendered":"https:\/\/www.epsdelomagne.fr\/?page_id=327931"},"modified":"2023-04-24T09:53:47","modified_gmt":"2023-04-24T07:53:47","slug":"patients-et-usagers","status":"publish","type":"page","link":"https:\/\/www.epsdelomagne.fr\/index.php\/patients-et-usagers\/","title":{"rendered":"Patients et Usagers"},"content":{"rendered":"<h1 style=\"text-align: center;\">Patients et Usagers<\/h1>\n\n\n<div class=\"wp-block-buttons is-content-justification-center is-layout-flex wp-container-core-buttons-is-layout-16018d1d wp-block-buttons-is-layout-flex\">\n<div class=\"wp-block-button\"><a class=\"wp-block-button__link has-text-align-center wp-element-button\" href=\"https:\/\/www.epsdelomagne.fr\/index.php\/informations-aux-familles\/\">information familles<\/a><\/div>\n\n\n\n<div class=\"wp-block-button\"><a class=\"wp-block-button__link wp-element-button\" href=\"https:\/\/www.epsdelomagne.fr\/index.php\/demarche-qualite\/\">D\u00e9marche qualit\u00e9<\/a><\/div>\n\n\n\n<div class=\"wp-block-button\"><a class=\"wp-block-button__link wp-element-button\" href=\"https:\/\/www.epsdelomagne.fr\/index.php\/votre-sejour-a-lhopital\/\">Votre s\u00e9jour \u00e0 l&rsquo;h\u00f4pital<\/a><\/div>\n<\/div>\n\n\n\n<hr class=\"wp-block-separator has-alpha-channel-opacity\"\/>\n\n\n\n<div class=\"wp-block-buttons is-content-justification-center is-layout-flex wp-container-core-buttons-is-layout-16018d1d wp-block-buttons-is-layout-flex\">\n<div class=\"wp-block-button\"><a class=\"wp-block-button__link wp-element-button\" href=\"https:\/\/www.epsdelomagne.fr\/index.php\/droits-et-obligations\/\">Droits et obligations<\/a><\/div>\n\n\n\n<div class=\"wp-block-button\"><a class=\"wp-block-button__link wp-element-button\" href=\"https:\/\/www.epsdelomagne.fr\/index.php\/expression-des-usagers\/\">Expression des usagers<\/a><\/div>\n<\/div>\n","protected":false},"excerpt":{"rendered":"<p>Patients et Usagers<\/p>\n","protected":false},"author":4,"featured_media":0,"parent":0,"menu_order":0,"comment_status":"closed","ping_status":"closed","template":"","meta":{"content-type":"","om_disable_all_campaigns":false,"_monsterinsights_skip_tracking":false,"_monsterinsights_sitenote_active":false,"_monsterinsights_sitenote_note":"","_monsterinsights_sitenote_category":0,"ngg_post_thumbnail":0,"footnotes":""},"class_list":["post-327931","page","type-page","status-publish","hentry"],"jetpack_sharing_enabled":true,"_links":{"self":[{"href":"https:\/\/www.epsdelomagne.fr\/index.php\/wp-json\/wp\/v2\/pages\/327931","targetHints":{"allow":["GET"]}}],"collection":[{"href":"https:\/\/www.epsdelomagne.fr\/index.php\/wp-json\/wp\/v2\/pages"}],"about":[{"href":"https:\/\/www.epsdelomagne.fr\/index.php\/wp-json\/wp\/v2\/types\/page"}],"author":[{"embeddable":true,"href":"https:\/\/www.epsdelomagne.fr\/index.php\/wp-json\/wp\/v2\/users\/4"}],"replies":[{"embeddable":true,"href":"https:\/\/www.epsdelomagne.fr\/index.php\/wp-json\/wp\/v2\/comments?post=327931"}],"version-history":[{"count":11,"href":"https:\/\/www.epsdelomagne.fr\/index.php\/wp-json\/wp\/v2\/pages\/327931\/revisions"}],"predecessor-version":[{"id":346132,"href":"https:\/\/www.epsdelomagne.fr\/index.php\/wp-json\/wp\/v2\/pages\/327931\/revisions\/346132"}],"wp:attachment":[{"href":"https:\/\/www.epsdelomagne.fr\/index.php\/wp-json\/wp\/v2\/media?parent=327931"}],"curies":[{"name":"wp","href":"https:\/\/api.w.org\/{rel}","templated":true}]}}