{"id":334139,"date":"2023-04-19T10:17:19","date_gmt":"2023-04-19T08:17:19","guid":{"rendered":"https:\/\/www.epsdelomagne.fr\/?page_id=334139"},"modified":"2023-04-24T09:57:05","modified_gmt":"2023-04-24T07:57:05","slug":"votre-sejour-a-lhopital","status":"publish","type":"page","link":"https:\/\/www.epsdelomagne.fr\/index.php\/votre-sejour-a-lhopital\/","title":{"rendered":"Votre s\u00e9jour \u00e0 l&rsquo;h\u00f4pital"},"content":{"rendered":"\n<h1 class=\"wp-block-heading has-text-align-center\">Votre s\u00e9jour \u00e0 l&rsquo;h\u00f4pital<\/h1>\n\n\n\n<div class=\"wp-block-buttons is-content-justification-center is-layout-flex wp-container-core-buttons-is-layout-16018d1d wp-block-buttons-is-layout-flex\">\n<div class=\"wp-block-button\"><a class=\"wp-block-button__link wp-element-button\" href=\"https:\/\/www.epsdelomagne.fr\/index.php\/formalites-administratives\/\">Formalit\u00e9s administratives<\/a><\/div>\n\n\n\n<div class=\"wp-block-button\"><a class=\"wp-block-button__link wp-element-button\" href=\"https:\/\/www.epsdelomagne.fr\/index.php\/le-sejour\/\">     Le s\u00e9jour    <\/a><\/div>\n<\/div>\n","protected":false},"excerpt":{"rendered":"<p>Votre s\u00e9jour \u00e0 l&rsquo;h\u00f4pital<\/p>\n","protected":false},"author":4,"featured_media":0,"parent":0,"menu_order":0,"comment_status":"closed","ping_status":"closed","template":"","meta":{"content-type":"","om_disable_all_campaigns":false,"_monsterinsights_skip_tracking":false,"_monsterinsights_sitenote_active":false,"_monsterinsights_sitenote_note":"","_monsterinsights_sitenote_category":0,"ngg_post_thumbnail":0,"footnotes":""},"class_list":["post-334139","page","type-page","status-publish","hentry"],"jetpack_sharing_enabled":true,"_links":{"self":[{"href":"https:\/\/www.epsdelomagne.fr\/index.php\/wp-json\/wp\/v2\/pages\/334139","targetHints":{"allow":["GET"]}}],"collection":[{"href":"https:\/\/www.epsdelomagne.fr\/index.php\/wp-json\/wp\/v2\/pages"}],"about":[{"href":"https:\/\/www.epsdelomagne.fr\/index.php\/wp-json\/wp\/v2\/types\/page"}],"author":[{"embeddable":true,"href":"https:\/\/www.epsdelomagne.fr\/index.php\/wp-json\/wp\/v2\/users\/4"}],"replies":[{"embeddable":true,"href":"https:\/\/www.epsdelomagne.fr\/index.php\/wp-json\/wp\/v2\/comments?post=334139"}],"version-history":[{"count":5,"href":"https:\/\/www.epsdelomagne.fr\/index.php\/wp-json\/wp\/v2\/pages\/334139\/revisions"}],"predecessor-version":[{"id":334768,"href":"https:\/\/www.epsdelomagne.fr\/index.php\/wp-json\/wp\/v2\/pages\/334139\/revisions\/334768"}],"wp:attachment":[{"href":"https:\/\/www.epsdelomagne.fr\/index.php\/wp-json\/wp\/v2\/media?parent=334139"}],"curies":[{"name":"wp","href":"https:\/\/api.w.org\/{rel}","templated":true}]}}