{"id":334176,"date":"2023-04-19T10:20:02","date_gmt":"2023-04-19T08:20:02","guid":{"rendered":"https:\/\/www.epsdelomagne.fr\/?page_id=334176"},"modified":"2025-12-19T14:21:30","modified_gmt":"2025-12-19T13:21:30","slug":"formalites-administratives","status":"publish","type":"page","link":"https:\/\/www.epsdelomagne.fr\/index.php\/formalites-administratives\/","title":{"rendered":"Formalit\u00e9s administratives"},"content":{"rendered":"<p>Pour toute hospitalisation, veuillez pour pr\u00e9senter au bureau des admissions ouvert du lundi au vendredi de 8h30 \u00e0 17h;<br \/>\nLe livret d&rsquo;accueil de la personne hospitalis\u00e9e vous sera remis \u00e0 votre arriv\u00e9e dans votre chambre.<br \/>\nChambre particuli\u00e8re : Si vous souhaitez une chambre particuli\u00e8re (sous r\u00e9serve de disponibilit\u00e9s), vous avez la possibilit\u00e9 d&rsquo;en fait part avant votre admission, ou directement aupr\u00e8s du bureau des entr\u00e9es lors de votre arriv\u00e9e.<\/p>\n<h4>Documents administratifs :<\/h4>\n<p>Pour la prise en charge de vos frais hospitaliers, vous devez pr\u00e9senter \u00e0 votre admission :<br \/>\n&#8211; une pi\u00e8ce d&rsquo;identit\u00e9 (carte d&rsquo;identit\u00e9, carte de s\u00e9jour, passeport)<br \/>\n&#8211; votre carte vitale (possibilit\u00e9 de mettre \u00e0 jour votre carte vitale \u00e0 la borne de l&rsquo;accueil)<br \/>\n&#8211; votre carte de mutuelle ou la notification compl\u00e9mentaire sant\u00e9<\/p>\n<h4>Documents m\u00e9dicaux :<\/h4>\n<p>&#8211; Vos examens compl\u00e9mentaires (biologie, rdiographie,&#8230;)<br \/>\n&#8211; Votre ordonnance en cours<\/p>\n<h4>Vos effets personnels:<\/h4>\n<p>Vous devez vous munir de vos objets de toilette personnels, vos serviettes, gants de toilettes, pyjama, chaussons, proth\u00e8ses dentaires, auditives , lunettes.<br \/>\n<strong>L&rsquo;\u00e9tablissement ne peut \u00eatre tenu pour responsable en cas de de disparition.<\/strong><\/p>\n<p>Evitez de conserver avec vous des objets pr\u00e9cieux (bijoux, argent, ch\u00e9quier, carte bancaire,&#8230;). Si vous apportez des valeurs \u00e0 l&rsquo;h\u00f4pital, il est conseill\u00e9 de les d\u00e9poser au coffre de l&rsquo;\u00e9tablissement contre r\u00e9c\u00e9piss\u00e9. Tout d\u00e9p\u00f4t est d\u00e9finitif et est syst\u00e9matiquemetn d\u00e9pos\u00e9 \u00e0 la Tr\u00e9sorerie Principale d&rsquo;Auch Ville. A la sortie, vos valeurs seront \u00e0 r\u00e9cup\u00e9rer aupr\u00e8s de la Tr\u00e9sorerie par vos soins.<\/p>\n","protected":false},"excerpt":{"rendered":"<p>Pour toute hospitalisation, veuillez pour pr\u00e9senter au bureau des admissions ouvert du lundi au vendredi de 8h30 \u00e0 17h; Le<\/p>\n<p><a href=\"https:\/\/www.epsdelomagne.fr\/index.php\/formalites-administratives\/\" class=\"more-link\">Test<span class=\"screen-reader-text\">Formalit\u00e9s administratives<\/span><\/a><\/p>\n","protected":false},"author":4,"featured_media":0,"parent":0,"menu_order":0,"comment_status":"closed","ping_status":"closed","template":"","meta":{"content-type":"","om_disable_all_campaigns":false,"_monsterinsights_skip_tracking":false,"_monsterinsights_sitenote_active":false,"_monsterinsights_sitenote_note":"","_monsterinsights_sitenote_category":0,"ngg_post_thumbnail":0,"footnotes":""},"class_list":["post-334176","page","type-page","status-publish","hentry"],"jetpack_sharing_enabled":true,"_links":{"self":[{"href":"https:\/\/www.epsdelomagne.fr\/index.php\/wp-json\/wp\/v2\/pages\/334176","targetHints":{"allow":["GET"]}}],"collection":[{"href":"https:\/\/www.epsdelomagne.fr\/index.php\/wp-json\/wp\/v2\/pages"}],"about":[{"href":"https:\/\/www.epsdelomagne.fr\/index.php\/wp-json\/wp\/v2\/types\/page"}],"author":[{"embeddable":true,"href":"https:\/\/www.epsdelomagne.fr\/index.php\/wp-json\/wp\/v2\/users\/4"}],"replies":[{"embeddable":true,"href":"https:\/\/www.epsdelomagne.fr\/index.php\/wp-json\/wp\/v2\/comments?post=334176"}],"version-history":[{"count":2,"href":"https:\/\/www.epsdelomagne.fr\/index.php\/wp-json\/wp\/v2\/pages\/334176\/revisions"}],"predecessor-version":[{"id":2410075,"href":"https:\/\/www.epsdelomagne.fr\/index.php\/wp-json\/wp\/v2\/pages\/334176\/revisions\/2410075"}],"wp:attachment":[{"href":"https:\/\/www.epsdelomagne.fr\/index.php\/wp-json\/wp\/v2\/media?parent=334176"}],"curies":[{"name":"wp","href":"https:\/\/api.w.org\/{rel}","templated":true}]}}