{"id":334283,"date":"2023-04-19T10:28:13","date_gmt":"2023-04-19T08:28:13","guid":{"rendered":"https:\/\/www.epsdelomagne.fr\/?page_id=334283"},"modified":"2023-04-19T10:40:55","modified_gmt":"2023-04-19T08:40:55","slug":"protection-des-donnees","status":"publish","type":"page","link":"https:\/\/www.epsdelomagne.fr\/index.php\/protection-des-donnees\/","title":{"rendered":"Protection des donn\u00e9es"},"content":{"rendered":"<p><strong>R\u00e8glement (UE) 2016\/79 du Parlement europ\u00e9en et du COnseil du 27 avril 2016 relatif \u00e0 la protection des personnes physiques \u00e0 l&rsquo;\u00e9gard du traitement des donn\u00e9es \u00e0 caract\u00e8re personnel et \u00e0 la libre circulation de ces donn\u00e9es (RGPD)<\/strong><\/p>\n<p>L&rsquo;\u00e9tablissement public de sant\u00e9 de Lomagne collecte des informations administratives et m\u00e9dicales vous concernant.<\/p>\n<h4>Leurs usages et leur protection<\/h4>\n<p>Le recueil de ces donn\u00e9es personnelles, constitutives de votre dosier, est n\u00e9cessaire pour garantir la meilleur prise en charge possible au sein de l&rsquo;\u00e9tablissement.<br>\nL&rsquo;Etablissement Public de sant\u00e9 de Lomagne est responsbale des traitements de vos donn\u00e9es personnelles.<br>\nIL se conforme au r\u00e8glement g\u00e9n\u00e9ral pour la protection des donn\u00e9es (le RGPD) et aux autres r\u00e8glementations en vigueur garantissant la s\u00e9curit\u00e9 de vos donn\u00e9es.<\/p>\n<h4>\nLes personnes habilit\u00e9es \u00e0 consulter vos donn\u00e9es<\/h4>\n<p>Seules les personnes amen\u00e9es \u00e0 intervenir dans votre prise en charge snt habilit\u00e9es \u00e0 acc\u00e9der \u00e0 votre dossier et peuvent \u00e9changer des informations avec d&rsquo;autres professionnels dans le cadre de votre suivi.<br>\nVos don\u00e9es peuvent \u00e9galement \u00eatre transmises, pour des raisons r\u00e8glementaires, aux organismes de tutelle des \u00e9tablissements de sant\u00e9.<br>\nElles peuvent servir, au sein de votre \u00e9quipe de soins, \u00e0 des fins statistiques ou de recherche interne.<br>\nPour toute inclusion dans un autre tuype de recherche, une information sp\u00e9cifique vous sera apport\u00e9e pour recueillir votre consentement. Vous pourrez donner votre accord ou vous opposer, sans cons\u00e9quence sur votre prise en charge.<\/p>\n<h4>\nLa conservation de vos donn\u00e9es<\/h4>\n<p>La dur\u00e9e de conservation de vos donn\u00e9es respecte la r\u00e8glementation en vigueur et varie selon les donn\u00e9es trait\u00e9es et l&rsquo;objectif poursuivi.<\/p>\n\n\n<h4 class=\"wp-block-heading\">Vos droits<\/h4>\n\n\n\n<p>Vous disposez de droits individuels, notamment le droit d&rsquo;acc\u00e8s, de rectification, de limitation, d&rsquo;opposition, de portabilit\u00e9 et d&rsquo;oubli de vos donn\u00e9es personnelles.<br>Vous pouvez \u00e0 tout moment demander de faire exercer vos droits aupr\u00e8s du professionnel qui vous prend en charge ou aupr\u00e8s du d\u00e9l\u00e9gu\u00e9 \u00e0 la protection des donn\u00e9es \u00e0 :<br>D\u00e9l\u00e9gu\u00e9 \u00e0 la protection des donn\u00e9es<br>Centre Hospitalier d&rsquo;Auch en Gascogne<br>All\u00e9e Marie Clarac-BP 803982<br>32008 AUCH CEDEX<br>dpo@ch-auch.fr<\/p>\n","protected":false},"excerpt":{"rendered":"<p>R\u00e8glement (UE) 2016\/79 du Parlement europ\u00e9en et du COnseil du 27 avril 2016 relatif \u00e0 la protection des personnes physiques<\/p>\n<p><a href=\"https:\/\/www.epsdelomagne.fr\/index.php\/protection-des-donnees\/\" class=\"more-link\">Test<span class=\"screen-reader-text\">Protection des donn\u00e9es<\/span><\/a><\/p>\n","protected":false},"author":4,"featured_media":0,"parent":0,"menu_order":0,"comment_status":"closed","ping_status":"closed","template":"","meta":{"content-type":"","om_disable_all_campaigns":false,"_monsterinsights_skip_tracking":false,"_monsterinsights_sitenote_active":false,"_monsterinsights_sitenote_note":"","_monsterinsights_sitenote_category":0,"ngg_post_thumbnail":0,"footnotes":""},"class_list":["post-334283","page","type-page","status-publish","hentry"],"jetpack_sharing_enabled":true,"_links":{"self":[{"href":"https:\/\/www.epsdelomagne.fr\/index.php\/wp-json\/wp\/v2\/pages\/334283","targetHints":{"allow":["GET"]}}],"collection":[{"href":"https:\/\/www.epsdelomagne.fr\/index.php\/wp-json\/wp\/v2\/pages"}],"about":[{"href":"https:\/\/www.epsdelomagne.fr\/index.php\/wp-json\/wp\/v2\/types\/page"}],"author":[{"embeddable":true,"href":"https:\/\/www.epsdelomagne.fr\/index.php\/wp-json\/wp\/v2\/users\/4"}],"replies":[{"embeddable":true,"href":"https:\/\/www.epsdelomagne.fr\/index.php\/wp-json\/wp\/v2\/comments?post=334283"}],"version-history":[{"count":2,"href":"https:\/\/www.epsdelomagne.fr\/index.php\/wp-json\/wp\/v2\/pages\/334283\/revisions"}],"predecessor-version":[{"id":334371,"href":"https:\/\/www.epsdelomagne.fr\/index.php\/wp-json\/wp\/v2\/pages\/334283\/revisions\/334371"}],"wp:attachment":[{"href":"https:\/\/www.epsdelomagne.fr\/index.php\/wp-json\/wp\/v2\/media?parent=334283"}],"curies":[{"name":"wp","href":"https:\/\/api.w.org\/{rel}","templated":true}]}}