{"id":344,"date":"2022-10-08T17:09:40","date_gmt":"2022-10-08T15:09:40","guid":{"rendered":"http:\/\/epsdelg.cluster030.hosting.ovh.net\/?page_id=344"},"modified":"2025-12-19T14:10:56","modified_gmt":"2025-12-19T13:10:56","slug":"ehpad-cadeot","status":"publish","type":"page","link":"https:\/\/www.epsdelomagne.fr\/index.php\/ehpad-cadeot\/","title":{"rendered":"EHPAD CADEOT"},"content":{"rendered":"<h2><img loading=\"lazy\" decoding=\"async\" class=\"alignnone  wp-image-36\" src=\"http:\/\/epsdelg.cluster030.hosting.ovh.net\/wp-content\/uploads\/2022\/08\/cropped-cropped-MicrosoftTeams-image-7-1-300x78.png\" alt=\"\" width=\"871\" height=\"226\" srcset=\"https:\/\/www.epsdelomagne.fr\/wp-content\/uploads\/2022\/08\/cropped-cropped-MicrosoftTeams-image-7-1-300x78.png 300w, https:\/\/www.epsdelomagne.fr\/wp-content\/uploads\/2022\/08\/cropped-cropped-MicrosoftTeams-image-7-1-1024x267.png 1024w, https:\/\/www.epsdelomagne.fr\/wp-content\/uploads\/2022\/08\/cropped-cropped-MicrosoftTeams-image-7-1-768x200.png 768w, https:\/\/www.epsdelomagne.fr\/wp-content\/uploads\/2022\/08\/cropped-cropped-MicrosoftTeams-image-7-1-1536x400.png 1536w, https:\/\/www.epsdelomagne.fr\/wp-content\/uploads\/2022\/08\/cropped-cropped-MicrosoftTeams-image-7-1.png 1920w\" sizes=\"auto, (max-width: 871px) 100vw, 871px\" \/><\/h2>\n<h2>EHPAD CADEOT<\/h2>\n<p>Rue Saint Laurent \u00e0 Fleurance<\/p>\n<p>M\u00e9decin coordonnateur: Docteur Chekib BENKELFAT<br \/>\nCadre de sant\u00e9: Nathalie BELLANGER<br \/>\nIDEC : Magaly RAHALI<br \/>\nSecr\u00e9tariat: 05 62 64 21 42<br \/>\n(du lundi au vendredi de 9h00 \u00e0 17h00)<\/p>\n<p>&nbsp;<\/p>\n","protected":false},"excerpt":{"rendered":"<p>EHPAD CADEOT Rue Saint Laurent \u00e0 Fleurance M\u00e9decin coordonnateur: Docteur Chekib BENKELFAT Cadre de sant\u00e9: Nathalie BELLANGER IDEC : Magaly<\/p>\n<p><a href=\"https:\/\/www.epsdelomagne.fr\/index.php\/ehpad-cadeot\/\" class=\"more-link\">Test<span class=\"screen-reader-text\">EHPAD CADEOT<\/span><\/a><\/p>\n","protected":false},"author":1,"featured_media":0,"parent":0,"menu_order":0,"comment_status":"closed","ping_status":"closed","template":"","meta":{"content-type":"","om_disable_all_campaigns":false,"_monsterinsights_skip_tracking":false,"_monsterinsights_sitenote_active":false,"_monsterinsights_sitenote_note":"","_monsterinsights_sitenote_category":0,"ngg_post_thumbnail":0,"footnotes":""},"class_list":["post-344","page","type-page","status-publish","hentry"],"jetpack_sharing_enabled":true,"_links":{"self":[{"href":"https:\/\/www.epsdelomagne.fr\/index.php\/wp-json\/wp\/v2\/pages\/344","targetHints":{"allow":["GET"]}}],"collection":[{"href":"https:\/\/www.epsdelomagne.fr\/index.php\/wp-json\/wp\/v2\/pages"}],"about":[{"href":"https:\/\/www.epsdelomagne.fr\/index.php\/wp-json\/wp\/v2\/types\/page"}],"author":[{"embeddable":true,"href":"https:\/\/www.epsdelomagne.fr\/index.php\/wp-json\/wp\/v2\/users\/1"}],"replies":[{"embeddable":true,"href":"https:\/\/www.epsdelomagne.fr\/index.php\/wp-json\/wp\/v2\/comments?post=344"}],"version-history":[{"count":17,"href":"https:\/\/www.epsdelomagne.fr\/index.php\/wp-json\/wp\/v2\/pages\/344\/revisions"}],"predecessor-version":[{"id":2410023,"href":"https:\/\/www.epsdelomagne.fr\/index.php\/wp-json\/wp\/v2\/pages\/344\/revisions\/2410023"}],"wp:attachment":[{"href":"https:\/\/www.epsdelomagne.fr\/index.php\/wp-json\/wp\/v2\/media?parent=344"}],"curies":[{"name":"wp","href":"https:\/\/api.w.org\/{rel}","templated":true}]}}