{"id":347,"date":"2022-10-08T17:09:56","date_gmt":"2022-10-08T15:09:56","guid":{"rendered":"http:\/\/epsdelg.cluster030.hosting.ovh.net\/?page_id=347"},"modified":"2025-12-19T14:11:54","modified_gmt":"2025-12-19T13:11:54","slug":"ehpad-pepiniere","status":"publish","type":"page","link":"https:\/\/www.epsdelomagne.fr\/index.php\/ehpad-pepiniere\/","title":{"rendered":"EHPAD LA PEPINIERE"},"content":{"rendered":"\n<figure class=\"wp-block-image size-full\"><img loading=\"lazy\" decoding=\"async\" width=\"1024\" height=\"296\" src=\"https:\/\/epsdelg.cluster030.hosting.ovh.net\/wp-content\/uploads\/2022\/11\/MicrosoftTeams-image.png\" alt=\"\" class=\"wp-image-567\" srcset=\"https:\/\/www.epsdelomagne.fr\/wp-content\/uploads\/2022\/11\/MicrosoftTeams-image.png 1024w, https:\/\/www.epsdelomagne.fr\/wp-content\/uploads\/2022\/11\/MicrosoftTeams-image-300x87.png 300w, https:\/\/www.epsdelomagne.fr\/wp-content\/uploads\/2022\/11\/MicrosoftTeams-image-768x222.png 768w\" sizes=\"auto, (max-width: 1024px) 100vw, 1024px\" \/><\/figure>\n\n\n\n<h2 class=\"wp-block-heading\">EHPAD LA PEPINIERE<\/h2>\n\n\n\n<p>Rue La P\u00e9pini\u00e8re \u00e0 Fleurance<\/p>\n\n\n\n<p>M\u00e9decin coordonnateur: Docteur Chekib BENKELFAT<br>Infirmi\u00e8re coordonnatrice: Pascale MAURY<br>Secr\u00e9tariat: 05 62 06 60 52<br>(du lundi au vendredi de 09h00 \u00e0 17h00)<\/p>\n","protected":false},"excerpt":{"rendered":"<p>EHPAD LA PEPINIERE Rue La P\u00e9pini\u00e8re \u00e0 Fleurance M\u00e9decin coordonnateur: Docteur Chekib BENKELFATInfirmi\u00e8re coordonnatrice: Pascale MAURYSecr\u00e9tariat: 05 62 06 60<\/p>\n<p><a href=\"https:\/\/www.epsdelomagne.fr\/index.php\/ehpad-pepiniere\/\" class=\"more-link\">Test<span class=\"screen-reader-text\">EHPAD LA PEPINIERE<\/span><\/a><\/p>\n","protected":false},"author":1,"featured_media":0,"parent":0,"menu_order":0,"comment_status":"closed","ping_status":"closed","template":"","meta":{"content-type":"","om_disable_all_campaigns":false,"_monsterinsights_skip_tracking":false,"_monsterinsights_sitenote_active":false,"_monsterinsights_sitenote_note":"","_monsterinsights_sitenote_category":0,"ngg_post_thumbnail":0,"footnotes":""},"class_list":["post-347","page","type-page","status-publish","hentry"],"jetpack_sharing_enabled":true,"_links":{"self":[{"href":"https:\/\/www.epsdelomagne.fr\/index.php\/wp-json\/wp\/v2\/pages\/347","targetHints":{"allow":["GET"]}}],"collection":[{"href":"https:\/\/www.epsdelomagne.fr\/index.php\/wp-json\/wp\/v2\/pages"}],"about":[{"href":"https:\/\/www.epsdelomagne.fr\/index.php\/wp-json\/wp\/v2\/types\/page"}],"author":[{"embeddable":true,"href":"https:\/\/www.epsdelomagne.fr\/index.php\/wp-json\/wp\/v2\/users\/1"}],"replies":[{"embeddable":true,"href":"https:\/\/www.epsdelomagne.fr\/index.php\/wp-json\/wp\/v2\/comments?post=347"}],"version-history":[{"count":9,"href":"https:\/\/www.epsdelomagne.fr\/index.php\/wp-json\/wp\/v2\/pages\/347\/revisions"}],"predecessor-version":[{"id":2410030,"href":"https:\/\/www.epsdelomagne.fr\/index.php\/wp-json\/wp\/v2\/pages\/347\/revisions\/2410030"}],"wp:attachment":[{"href":"https:\/\/www.epsdelomagne.fr\/index.php\/wp-json\/wp\/v2\/media?parent=347"}],"curies":[{"name":"wp","href":"https:\/\/api.w.org\/{rel}","templated":true}]}}