{"id":415,"date":"2022-10-08T21:46:11","date_gmt":"2022-10-08T19:46:11","guid":{"rendered":"http:\/\/epsdelg.cluster030.hosting.ovh.net\/?page_id=415"},"modified":"2025-12-19T14:06:05","modified_gmt":"2025-12-19T13:06:05","slug":"service-de-soin-a-domicile-ssiad","status":"publish","type":"page","link":"https:\/\/www.epsdelomagne.fr\/index.php\/service-de-soin-a-domicile-ssiad\/","title":{"rendered":"Service de soin \u00e0 domicile (SSIAD)"},"content":{"rendered":"<h2>SSIAD:<\/h2>\n<p>D&rsquo;une capacit\u00e9 totale de 96 places, intervient pour les soins d&rsquo;hygi\u00e8ne et de nursing aupr\u00e8s des personnes \u00e2g\u00e9es de plus de 60 ans, malades ou d\u00e9pendantes, des personnes adultes de moins de 60 ans pr\u00e9sentant un handicap et\/ou atteintes de pathologies chroniques ou invalidantes vivant \u00e0 leur domicile.<\/p>\n\n\n<p>10 places d&rsquo;<strong>\u00e9quipe sp\u00e9cialis\u00e9e Alzheimer (ESA) <\/strong>sont port\u00e9es en partenariat avec le SSIAD du CH de Lombez-Samatan dans le cadre du projet \u00ab\u00a0ESA EST-GERSOIS\u00a0\u00bb. Les 5 places d&rsquo;ESA install\u00e9es au SSIAD de l&rsquo;EPSL couvrent l&rsquo;aire d&rsquo;intervention autoris\u00e9e du SSIAD.<\/p>\n\n\n\n<p><strong>Informations utiles :<\/strong><br>Les interventions \u00e0 domicile, sur prescription m\u00e9dicale, se d\u00e9roulent de 8h00 \u00e0 20h00.<\/p>\n\n\n\n<p><strong>Contact <\/strong>:<br>Infirmi\u00e8re coordonnatrice : St\u00e9phanie CHARPENTIER<br>site de Fleurance : 05 62 64 21 00<br>Site de Lectoure : 05 62 29 36 49<br>Site de Saint Clar : 05 62 66 36 90<\/p>\n\n\n\n<div class=\"wp-block-buttons is-layout-flex wp-block-buttons-is-layout-flex\">\n<div class=\"wp-block-button\"><a class=\"wp-block-button__link wp-element-button\" href=\"http:\/\/epsdelg.cluster030.hosting.ovh.net\/wp-content\/uploads\/2022\/10\/plaquette-esa.pdf\" target=\"_blank\" rel=\"noreferrer noopener\">En voir plus<\/a><\/div>\n<\/div>\n","protected":false},"excerpt":{"rendered":"<p>SSIAD: D&rsquo;une capacit\u00e9 totale de 96 places, intervient pour les soins d&rsquo;hygi\u00e8ne et de nursing aupr\u00e8s des personnes \u00e2g\u00e9es de<\/p>\n<p><a href=\"https:\/\/www.epsdelomagne.fr\/index.php\/service-de-soin-a-domicile-ssiad\/\" class=\"more-link\">Test<span class=\"screen-reader-text\">Service de soin \u00e0 domicile (SSIAD)<\/span><\/a><\/p>\n","protected":false},"author":1,"featured_media":0,"parent":0,"menu_order":0,"comment_status":"closed","ping_status":"closed","template":"","meta":{"content-type":"","om_disable_all_campaigns":false,"_monsterinsights_skip_tracking":false,"_monsterinsights_sitenote_active":false,"_monsterinsights_sitenote_note":"","_monsterinsights_sitenote_category":0,"ngg_post_thumbnail":0,"footnotes":""},"class_list":["post-415","page","type-page","status-publish","hentry"],"jetpack_sharing_enabled":true,"_links":{"self":[{"href":"https:\/\/www.epsdelomagne.fr\/index.php\/wp-json\/wp\/v2\/pages\/415","targetHints":{"allow":["GET"]}}],"collection":[{"href":"https:\/\/www.epsdelomagne.fr\/index.php\/wp-json\/wp\/v2\/pages"}],"about":[{"href":"https:\/\/www.epsdelomagne.fr\/index.php\/wp-json\/wp\/v2\/types\/page"}],"author":[{"embeddable":true,"href":"https:\/\/www.epsdelomagne.fr\/index.php\/wp-json\/wp\/v2\/users\/1"}],"replies":[{"embeddable":true,"href":"https:\/\/www.epsdelomagne.fr\/index.php\/wp-json\/wp\/v2\/comments?post=415"}],"version-history":[{"count":7,"href":"https:\/\/www.epsdelomagne.fr\/index.php\/wp-json\/wp\/v2\/pages\/415\/revisions"}],"predecessor-version":[{"id":2409995,"href":"https:\/\/www.epsdelomagne.fr\/index.php\/wp-json\/wp\/v2\/pages\/415\/revisions\/2409995"}],"wp:attachment":[{"href":"https:\/\/www.epsdelomagne.fr\/index.php\/wp-json\/wp\/v2\/media?parent=415"}],"curies":[{"name":"wp","href":"https:\/\/api.w.org\/{rel}","templated":true}]}}